{"id":1174,"date":"2025-11-05T15:20:08","date_gmt":"2025-11-05T15:20:08","guid":{"rendered":"https:\/\/www.biogranel.com\/?post_type=product&#038;p=1174"},"modified":"2025-11-05T15:23:55","modified_gmt":"2025-11-05T15:23:55","slug":"castanha-do-brasil","status":"publish","type":"product","link":"https:\/\/www.biogranel.com\/en\/product\/castanha-do-brasil\/","title":{"rendered":"Castanha do Brasil"},"content":{"rendered":"<p data-start=\"271\" data-end=\"410\">Diretamente da floresta tropical, a <strong data-start=\"307\" data-end=\"329\">Castanha do Brasil<\/strong> \u00e9 um superalimento natural, conhecido pelo seu sabor suave e textura crocante.<\/p>\n<p data-start=\"412\" data-end=\"639\">Rica em <strong data-start=\"420\" data-end=\"431\">sel\u00e9nio<\/strong>, <strong data-start=\"433\" data-end=\"445\">magn\u00e9sio<\/strong> e <strong data-start=\"448\" data-end=\"470\">gorduras saud\u00e1veis<\/strong>, \u00e9 perfeita para refor\u00e7ar o sistema imunit\u00e1rio e manter a energia ao longo do dia. Ideal para <strong data-start=\"565\" data-end=\"577\">petiscar<\/strong>, <strong data-start=\"579\" data-end=\"602\">adicionar a saladas<\/strong> ou <strong data-start=\"606\" data-end=\"636\">usar em receitas saud\u00e1veis<\/strong>.<\/p>\n<p data-start=\"641\" data-end=\"763\">\ud83c\udf30 <strong data-start=\"644\" data-end=\"675\">100% natural e sem aditivos<\/strong><br data-start=\"675\" data-end=\"678\" \/>\ud83d\udcaa <strong data-start=\"681\" data-end=\"728\">Fonte excecional de sel\u00e9nio e antioxidantes<\/strong><br data-start=\"728\" data-end=\"731\" \/>\ud83e\udd57 <strong data-start=\"734\" data-end=\"763\">Sabor ex\u00f3tico e nutritivo<\/strong><\/p>\n<p data-start=\"765\" data-end=\"843\"><strong data-start=\"765\" data-end=\"841\">Castanha do Brasil \u2013 o toque tropical que faz bem ao corpo e ao paladar!<\/strong><\/p>","protected":false},"excerpt":{"rendered":"<p>Castanha do Brasil.<\/p>","protected":false},"featured_media":1163,"comment_status":"open","ping_status":"closed","template":"","meta":{"om_disable_all_campaigns":false,"_monsterinsights_skip_tracking":false,"_monsterinsights_sitenote_active":false,"_monsterinsights_sitenote_note":"","_monsterinsights_sitenote_category":0,"_uf_show_specific_survey":0,"_uf_disable_surveys":false,"_iconic_wsb_product_page_order_bump_ids":[[]],"_sku":["Ref#11"],"_iconic_wsb_product_page_bump_modal_ids":[[]]},"product_brand":[],"product_cat":[20],"product_tag":[46],"class_list":{"0":"post-1174","1":"product","2":"type-product","3":"status-publish","4":"has-post-thumbnail","6":"product_cat-frutos-secos","7":"product_tag-castanha-do-brasil","9":"first","10":"instock","11":"taxable","12":"shipping-taxable","13":"purchasable","14":"product-type-variable"},"aioseo_notices":[],"jetpack_sharing_enabled":true,"_links":{"self":[{"href":"https:\/\/www.biogranel.com\/en\/wp-json\/wp\/v2\/product\/1174","targetHints":{"allow":["GET"]}}],"collection":[{"href":"https:\/\/www.biogranel.com\/en\/wp-json\/wp\/v2\/product"}],"about":[{"href":"https:\/\/www.biogranel.com\/en\/wp-json\/wp\/v2\/types\/product"}],"replies":[{"embeddable":true,"href":"https:\/\/www.biogranel.com\/en\/wp-json\/wp\/v2\/comments?post=1174"}],"version-history":[{"count":2,"href":"https:\/\/www.biogranel.com\/en\/wp-json\/wp\/v2\/product\/1174\/revisions"}],"predecessor-version":[{"id":1180,"href":"https:\/\/www.biogranel.com\/en\/wp-json\/wp\/v2\/product\/1174\/revisions\/1180"}],"wp:featuredmedia":[{"embeddable":true,"href":"https:\/\/www.biogranel.com\/en\/wp-json\/wp\/v2\/media\/1163"}],"wp:attachment":[{"href":"https:\/\/www.biogranel.com\/en\/wp-json\/wp\/v2\/media?parent=1174"}],"wp:term":[{"taxonomy":"product_brand","embeddable":true,"href":"https:\/\/www.biogranel.com\/en\/wp-json\/wp\/v2\/product_brand?post=1174"},{"taxonomy":"product_cat","embeddable":true,"href":"https:\/\/www.biogranel.com\/en\/wp-json\/wp\/v2\/product_cat?post=1174"},{"taxonomy":"product_tag","embeddable":true,"href":"https:\/\/www.biogranel.com\/en\/wp-json\/wp\/v2\/product_tag?post=1174"}],"curies":[{"name":"wp","href":"https:\/\/api.w.org\/{rel}","templated":true}]}}