{"id":1151,"date":"2025-11-04T19:13:58","date_gmt":"2025-11-04T19:13:58","guid":{"rendered":"https:\/\/www.biogranel.com\/?post_type=product&#038;p=1151"},"modified":"2025-11-05T15:18:48","modified_gmt":"2025-11-05T15:18:48","slug":"noz-com-casca","status":"publish","type":"product","link":"https:\/\/www.biogranel.com\/en\/product\/noz-com-casca\/","title":{"rendered":"Noz com Casca"},"content":{"rendered":"<p data-start=\"222\" data-end=\"441\">Diretamente do campo para a tua mesa, a nossa <strong data-start=\"268\" data-end=\"285\">noz com casca<\/strong> preserva todo o sabor e frescura originais. Crocante, nutritiva e cheia de energia, \u00e9 perfeita para quem aprecia o prazer aut\u00eantico de partir e saborear.<\/p>\n<p data-start=\"443\" data-end=\"546\">Rica em <strong data-start=\"451\" data-end=\"489\">\u00f3mega-3, prote\u00ednas e antioxidantes<\/strong>, \u00e9 um aliado natural para uma alimenta\u00e7\u00e3o equilibrada.<\/p>\n<p data-start=\"548\" data-end=\"686\">\ud83c\udf30 <strong data-start=\"551\" data-end=\"581\">100% natural, sem aditivos<\/strong><br data-start=\"581\" data-end=\"584\" \/>\ud83d\udcaa <strong data-start=\"587\" data-end=\"628\">Fonte de energia e gorduras saud\u00e1veis<\/strong><br data-start=\"628\" data-end=\"631\" \/>\ud83e\udd44 <strong data-start=\"634\" data-end=\"686\">Ideal para petiscar ou usar em receitas caseiras<\/strong><\/p>\n<p data-start=\"688\" data-end=\"755\"><strong data-start=\"688\" data-end=\"753\">Noz com casca \u2013 o sabor genu\u00edno da natureza, como sempre foi!<\/strong><\/p>\n<p data-start=\"689\" data-end=\"768\">","protected":false},"excerpt":{"rendered":"<p>Noz com casca.<\/p>","protected":false},"featured_media":1156,"comment_status":"open","ping_status":"closed","template":"","meta":{"om_disable_all_campaigns":false,"_monsterinsights_skip_tracking":false,"_monsterinsights_sitenote_active":false,"_monsterinsights_sitenote_note":"","_monsterinsights_sitenote_category":0,"_uf_show_specific_survey":0,"_uf_disable_surveys":false,"_iconic_wsb_product_page_order_bump_ids":[[]],"_sku":["Ref#8"],"_iconic_wsb_product_page_bump_modal_ids":[[]]},"product_brand":[],"product_cat":[20],"product_tag":[45],"class_list":{"0":"post-1151","1":"product","2":"type-product","3":"status-publish","4":"has-post-thumbnail","6":"product_cat-frutos-secos","7":"product_tag-noz","9":"first","10":"instock","11":"taxable","12":"shipping-taxable","13":"purchasable","14":"product-type-variable"},"aioseo_notices":[],"jetpack_sharing_enabled":true,"_links":{"self":[{"href":"https:\/\/www.biogranel.com\/en\/wp-json\/wp\/v2\/product\/1151","targetHints":{"allow":["GET"]}}],"collection":[{"href":"https:\/\/www.biogranel.com\/en\/wp-json\/wp\/v2\/product"}],"about":[{"href":"https:\/\/www.biogranel.com\/en\/wp-json\/wp\/v2\/types\/product"}],"replies":[{"embeddable":true,"href":"https:\/\/www.biogranel.com\/en\/wp-json\/wp\/v2\/comments?post=1151"}],"version-history":[{"count":1,"href":"https:\/\/www.biogranel.com\/en\/wp-json\/wp\/v2\/product\/1151\/revisions"}],"predecessor-version":[{"id":1157,"href":"https:\/\/www.biogranel.com\/en\/wp-json\/wp\/v2\/product\/1151\/revisions\/1157"}],"wp:featuredmedia":[{"embeddable":true,"href":"https:\/\/www.biogranel.com\/en\/wp-json\/wp\/v2\/media\/1156"}],"wp:attachment":[{"href":"https:\/\/www.biogranel.com\/en\/wp-json\/wp\/v2\/media?parent=1151"}],"wp:term":[{"taxonomy":"product_brand","embeddable":true,"href":"https:\/\/www.biogranel.com\/en\/wp-json\/wp\/v2\/product_brand?post=1151"},{"taxonomy":"product_cat","embeddable":true,"href":"https:\/\/www.biogranel.com\/en\/wp-json\/wp\/v2\/product_cat?post=1151"},{"taxonomy":"product_tag","embeddable":true,"href":"https:\/\/www.biogranel.com\/en\/wp-json\/wp\/v2\/product_tag?post=1151"}],"curies":[{"name":"wp","href":"https:\/\/api.w.org\/{rel}","templated":true}]}}