{"id":1057,"date":"2025-10-30T15:32:48","date_gmt":"2025-10-30T15:32:48","guid":{"rendered":"https:\/\/www.biogranel.com\/?post_type=product&#038;p=1057"},"modified":"2025-11-26T16:23:12","modified_gmt":"2025-11-26T16:23:12","slug":"tamara-medjool","status":"publish","type":"product","link":"https:\/\/www.biogranel.com\/en\/product\/tamara-medjool\/","title":{"rendered":"T\u00e2mara Medjool"},"content":{"rendered":"<p data-start=\"218\" data-end=\"346\">Conhecida como a <em data-start=\"235\" data-end=\"257\">\u201crainha das t\u00e2maras\u201d<\/em>, a <strong data-start=\"261\" data-end=\"279\">T\u00e2mara Medjool<\/strong> conquista pelo seu sabor doce, textura macia e tamanho generoso.<\/p>\n<p data-start=\"348\" data-end=\"555\">Rica em <strong data-start=\"356\" data-end=\"394\">fibras, pot\u00e1ssio e energia natural<\/strong>, \u00e9 o snack perfeito para matar a vontade de doce de forma saud\u00e1vel. Ideal para <strong data-start=\"474\" data-end=\"486\">petiscar<\/strong>, <strong data-start=\"488\" data-end=\"516\">rechear com frutos secos<\/strong> ou <strong data-start=\"520\" data-end=\"552\">usar em sobremesas e batidos<\/strong>.<\/p>\n<p data-start=\"557\" data-end=\"687\">\ud83c\udf34 <strong data-start=\"560\" data-end=\"600\">100% natural, sem adi\u00e7\u00e3o de a\u00e7\u00facares<\/strong><br data-start=\"600\" data-end=\"603\" \/>\ud83d\udcaa <strong data-start=\"606\" data-end=\"650\">Fonte de energia e nutrientes essenciais<\/strong><br data-start=\"650\" data-end=\"653\" \/>\ud83c\udf6c <strong data-start=\"656\" data-end=\"687\">Doce, suculenta e deliciosa<\/strong><\/p>\n<p data-start=\"689\" data-end=\"768\">","protected":false},"excerpt":{"rendered":"<p>T\u00e2mara Medjool.<\/p>","protected":false},"featured_media":960,"comment_status":"open","ping_status":"closed","template":"","meta":{"om_disable_all_campaigns":false,"_monsterinsights_skip_tracking":false,"_monsterinsights_sitenote_active":false,"_monsterinsights_sitenote_note":"","_monsterinsights_sitenote_category":0,"_uf_show_specific_survey":0,"_uf_disable_surveys":false,"_iconic_wsb_product_page_order_bump_ids":[[]],"_sku":["Ref#7"],"_iconic_wsb_product_page_bump_modal_ids":[[]]},"product_brand":[],"product_cat":[20],"product_tag":[44],"class_list":{"0":"post-1057","1":"product","2":"type-product","3":"status-publish","4":"has-post-thumbnail","6":"product_cat-frutos-secos","7":"product_tag-tamara","9":"first","10":"instock","11":"taxable","12":"shipping-taxable","13":"purchasable","14":"product-type-variable"},"aioseo_notices":[],"jetpack_sharing_enabled":true,"_links":{"self":[{"href":"https:\/\/www.biogranel.com\/en\/wp-json\/wp\/v2\/product\/1057","targetHints":{"allow":["GET"]}}],"collection":[{"href":"https:\/\/www.biogranel.com\/en\/wp-json\/wp\/v2\/product"}],"about":[{"href":"https:\/\/www.biogranel.com\/en\/wp-json\/wp\/v2\/types\/product"}],"replies":[{"embeddable":true,"href":"https:\/\/www.biogranel.com\/en\/wp-json\/wp\/v2\/comments?post=1057"}],"version-history":[{"count":2,"href":"https:\/\/www.biogranel.com\/en\/wp-json\/wp\/v2\/product\/1057\/revisions"}],"predecessor-version":[{"id":1455,"href":"https:\/\/www.biogranel.com\/en\/wp-json\/wp\/v2\/product\/1057\/revisions\/1455"}],"wp:featuredmedia":[{"embeddable":true,"href":"https:\/\/www.biogranel.com\/en\/wp-json\/wp\/v2\/media\/960"}],"wp:attachment":[{"href":"https:\/\/www.biogranel.com\/en\/wp-json\/wp\/v2\/media?parent=1057"}],"wp:term":[{"taxonomy":"product_brand","embeddable":true,"href":"https:\/\/www.biogranel.com\/en\/wp-json\/wp\/v2\/product_brand?post=1057"},{"taxonomy":"product_cat","embeddable":true,"href":"https:\/\/www.biogranel.com\/en\/wp-json\/wp\/v2\/product_cat?post=1057"},{"taxonomy":"product_tag","embeddable":true,"href":"https:\/\/www.biogranel.com\/en\/wp-json\/wp\/v2\/product_tag?post=1057"}],"curies":[{"name":"wp","href":"https:\/\/api.w.org\/{rel}","templated":true}]}}